{"id":877,"date":"2022-01-12T13:32:07","date_gmt":"2022-01-12T13:32:07","guid":{"rendered":"https:\/\/dukeberghs.com\/?page_id=877"},"modified":"2022-09-05T07:06:29","modified_gmt":"2022-09-05T07:06:29","slug":"in-den-medien","status":"publish","type":"page","link":"https:\/\/dukeberghs.com\/?page_id=877","title":{"rendered":"In den Medien"},"content":{"rendered":"\n<p>Wir freuen uns sehr dar\u00fcber, dass einige regionale Medien reges Interesse an unserem Brauprojekt zeigen und regelm\u00e4\u00dfig \u00fcber uns berichten.<\/p>\n\n\n\n<p><strong>Dukebergh&#8217;s im K\u00f6lner Stadt-Anzeige<\/strong>r<br><br>01.09.2022: <a href=\"https:\/\/www.ksta.de\/region\/rhein-berg-oberberg\/bergisch-gladbach\/dukebergh-s-in-schildgen-gladbacher-hobbybrauer-brauen-neues-craftbier-39911332\">Hobbybrauer bringen neues Bier auf den Markt <\/a><\/p>\n\n\n\n<p>25.03.2022: <a href=\"https:\/\/www.ksta.de\/region\/rhein-berg-oberberg\/bergisch-gladbach\/fuer-die-ukraine-gladbacher-bierbrauer-mit-neuem-bier-auf-dem-markt-39568402\">F\u00fcr die Ukraine: Gladbacher Bierbrauer mit neuem Bier auf dem Markt<\/a><\/p>\n\n\n\n<p>13.12.2021: <a href=\"https:\/\/www.ksta.de\/region\/rhein-berg-oberberg\/bergisch-gladbach\/dukebergh-s-hobbybrauer-aus-bergisch-gladbach-bringen-neues-craft-bier-auf-den-markt-39302590\">Hobbybrauer bringen neues Craft-Bier auf den Markt<\/a><\/p>\n\n\n\n<p>06.04.2021: <a href=\"https:\/\/www.ksta.de\/region\/rhein-berg-oberberg\/bergisch-gladbach\/dukebergh-s-dubbel-bier-aus-bergisch-gladbach-mit-goldmedaille-ausgezeichnet-38258348\">Bier aus Bergisch Gladbach mit Gold ausgezeichnet<\/a><\/p>\n\n\n\n<p>08.01.2021: <a href=\"https:\/\/www.ksta.de\/region\/rhein-berg-oberberg\/bergisch-gladbach\/bergisch-gladbacher-bierkultur-dukebergh-s-dubbel-wird-in-bonn-puetzchen-gebraut-37902236\">Dukebergh&#8217;s Dubbel wird in Bonn-P\u00fctzchen gebraut<\/a><\/p>\n\n\n\n<p>05.12.2020: <a href=\"https:\/\/www.ksta.de\/region\/rhein-berg-oberberg\/geschenke-aus-der-region-diese-besonderen-kleinigkeiten-gibt-es-direkt-um-die-ecke-37777670\">Geschenke aus der Region<\/a><\/p>\n\n\n\n<p>09.11.2020: <a href=\"https:\/\/www.ksta.de\/region\/rhein-berg-oberberg\/bergisch-gladbach\/dukebergh-s-bergisches-craft-bier-findet-fans-37592644\">Bergisches Craft-Bier findet Fans<\/a><\/p>\n\n\n\n<p>28.06.2020: <a href=\"https:\/\/www.ksta.de\/region\/rhein-berg-oberberg\/bier-rezepturen-ein-wiess-mit-der-besonderen-note-aus-bergisch-gladbach-36923422\">Ein Wiess mit der besonderen Note aus Bergisch Gladbach<\/a><\/p>\n\n\n\n<p><br><strong>Dukebergh&#8217;s im B\u00fcrgerportal &#8222;in GL<\/strong>&#8222;<br><br>07.10.2020: <a href=\"https:\/\/in-gl.de\/2020\/10\/07\/schildgens-brauer-starten-durch\/\">Schildgens Brauer starten durch<\/a><\/p>\n\n\n\n<p><br><strong>Dukebergh&#8217;s im Wirtschaftsticker der Stadt Bergisch Gladbach<\/strong><\/p>\n\n\n\n<p>17.12.2021: <a href=\"https:\/\/www.bergischgladbach.de\/uebersicht-firmenportraets.aspx\">Firmenportr\u00e4t <\/a><\/p>\n","protected":false},"excerpt":{"rendered":"<p>Wir freuen uns sehr dar\u00fcber, dass einige regionale Medien reges Interesse an unserem Brauprojekt zeigen und regelm\u00e4\u00dfig \u00fcber uns berichten. Dukebergh&#8217;s im K\u00f6lner Stadt-Anzeiger 01.09.2022: Hobbybrauer bringen neues Bier auf den Markt 25.03.2022: F\u00fcr die Ukraine: Gladbacher Bierbrauer mit neuem Bier auf dem Markt 13.12.2021: Hobbybrauer bringen neues Craft-Bier auf den Markt 06.04.2021: Bier aus [&hellip;]<\/p>\n","protected":false},"author":1,"featured_media":940,"parent":0,"menu_order":0,"comment_status":"closed","ping_status":"closed","template":"","meta":{"footnotes":""},"class_list":["post-877","page","type-page","status-publish","has-post-thumbnail","hentry","has-thumbnail"],"_links":{"self":[{"href":"https:\/\/dukeberghs.com\/index.php?rest_route=\/wp\/v2\/pages\/877","targetHints":{"allow":["GET"]}}],"collection":[{"href":"https:\/\/dukeberghs.com\/index.php?rest_route=\/wp\/v2\/pages"}],"about":[{"href":"https:\/\/dukeberghs.com\/index.php?rest_route=\/wp\/v2\/types\/page"}],"author":[{"embeddable":true,"href":"https:\/\/dukeberghs.com\/index.php?rest_route=\/wp\/v2\/users\/1"}],"replies":[{"embeddable":true,"href":"https:\/\/dukeberghs.com\/index.php?rest_route=%2Fwp%2Fv2%2Fcomments&post=877"}],"version-history":[{"count":8,"href":"https:\/\/dukeberghs.com\/index.php?rest_route=\/wp\/v2\/pages\/877\/revisions"}],"predecessor-version":[{"id":1084,"href":"https:\/\/dukeberghs.com\/index.php?rest_route=\/wp\/v2\/pages\/877\/revisions\/1084"}],"wp:featuredmedia":[{"embeddable":true,"href":"https:\/\/dukeberghs.com\/index.php?rest_route=\/wp\/v2\/media\/940"}],"wp:attachment":[{"href":"https:\/\/dukeberghs.com\/index.php?rest_route=%2Fwp%2Fv2%2Fmedia&parent=877"}],"curies":[{"name":"wp","href":"https:\/\/api.w.org\/{rel}","templated":true}]}}