{"id":372,"date":"2020-07-04T07:24:57","date_gmt":"2020-07-04T07:24:57","guid":{"rendered":"https:\/\/dukeberghs.com\/?page_id=372"},"modified":"2024-03-30T08:37:45","modified_gmt":"2024-03-30T08:37:45","slug":"wo-erhaeltlich","status":"publish","type":"page","link":"https:\/\/dukeberghs.com\/?page_id=372","title":{"rendered":"Wo erh\u00e4ltlich?"},"content":{"rendered":"\n<p>Wir haben es mit unserem Dukebergh&#8217;s in einige Super- und Getr\u00e4nkem\u00e4rkte sowie in die \u00f6rtliche Gastronomie geschafft. Wenn Ihr auch Interesse daran habt, unser Bier kennenzulernen, schreibt uns gerne eine Mail an info@dukeberghs.com. Wir stellen Euch unser Bier gerne vor und erz\u00e4hlen unsere Geschichte. <\/p>\n\n\n\n<p><strong>Homebase und Lager<\/strong><br><a href=\"http:\/\/www.otter-getraenke.de\">Otter-Getr\u00e4nke (Schildgen)<\/a><br><br><strong>Regionale Super- und Getr\u00e4nkem\u00e4rkte<\/strong><br><strong>Bergisch Gladbach<\/strong><br><br><a href=\"https:\/\/breidohrs.de\">Breidohr&#8217;s (Bergisch Gladbach)<\/a><br><a href=\"https:\/\/www.rewe.de\/marktseite\/bergisch-gladbach\/1765255\/rewe-markt-kempener-str-79\/\">Rewe Jakubek (Paffrath)<\/a><br><br><strong>Bonn<\/strong><br><a href=\"https:\/\/www.alemaniabonn.de\">Ale-Mania (Bonn-P\u00fctzchen)<\/a><br><br><strong>K\u00f6ln<\/strong> <br><a href=\"https:\/\/www.11880.com\/branchenbuch\/koeln\/070642024B101886420\/schneider-s-getraenkemarkt-longerich-gmbh.html\">Schneider&#8217;s Getr\u00e4nkemarkt (K\u00f6ln-Longerich)<\/a><br><br><strong>Odenthal<\/strong><br><a href=\"https:\/\/www.rewe-odenthal.de\">Rewe T\u00f6nnies (Odenthal)<\/a><\/p>\n\n\n\n<figure class=\"wp-block-gallery has-nested-images columns-default is-cropped wp-block-gallery-1 is-layout-flex wp-block-gallery-is-layout-flex\">\n<figure class=\"wp-block-image size-large is-style-default\"><img loading=\"lazy\" decoding=\"async\" width=\"1024\" height=\"768\" data-id=\"929\" src=\"https:\/\/dukeberghs.com\/wp-content\/uploads\/2022\/01\/E8E0B79E-6A65-4202-A928-D15CBCE04994.jpeg\" alt=\"\" class=\"wp-image-929\" srcset=\"https:\/\/dukeberghs.com\/wp-content\/uploads\/2022\/01\/E8E0B79E-6A65-4202-A928-D15CBCE04994.jpeg 1024w, https:\/\/dukeberghs.com\/wp-content\/uploads\/2022\/01\/E8E0B79E-6A65-4202-A928-D15CBCE04994-300x225.jpeg 300w, https:\/\/dukeberghs.com\/wp-content\/uploads\/2022\/01\/E8E0B79E-6A65-4202-A928-D15CBCE04994-768x576.jpeg 768w, https:\/\/dukeberghs.com\/wp-content\/uploads\/2022\/01\/E8E0B79E-6A65-4202-A928-D15CBCE04994-600x450.jpeg 600w\" sizes=\"auto, (max-width: 1024px) 100vw, 1024px\" \/><\/figure>\n\n\n\n<figure class=\"wp-block-image size-large is-style-default\"><img loading=\"lazy\" decoding=\"async\" width=\"1024\" height=\"675\" data-id=\"930\" src=\"https:\/\/dukeberghs.com\/wp-content\/uploads\/2022\/01\/Foto_Rewe-1024x675.jpg\" alt=\"\" class=\"wp-image-930\" srcset=\"https:\/\/dukeberghs.com\/wp-content\/uploads\/2022\/01\/Foto_Rewe-1024x675.jpg 1024w, https:\/\/dukeberghs.com\/wp-content\/uploads\/2022\/01\/Foto_Rewe-300x198.jpg 300w, https:\/\/dukeberghs.com\/wp-content\/uploads\/2022\/01\/Foto_Rewe-768x506.jpg 768w, https:\/\/dukeberghs.com\/wp-content\/uploads\/2022\/01\/Foto_Rewe-600x396.jpg 600w, https:\/\/dukeberghs.com\/wp-content\/uploads\/2022\/01\/Foto_Rewe.jpg 1200w\" sizes=\"auto, (max-width: 1024px) 100vw, 1024px\" \/><\/figure>\n\n\n\n<figure class=\"wp-block-image size-large is-style-default\"><img loading=\"lazy\" decoding=\"async\" width=\"768\" height=\"1024\" data-id=\"931\" src=\"https:\/\/dukeberghs.com\/wp-content\/uploads\/2022\/01\/445E7097-CA54-46E2-8A95-9514711F8D08-768x1024.jpeg\" alt=\"\" class=\"wp-image-931\" srcset=\"https:\/\/dukeberghs.com\/wp-content\/uploads\/2022\/01\/445E7097-CA54-46E2-8A95-9514711F8D08-768x1024.jpeg 768w, https:\/\/dukeberghs.com\/wp-content\/uploads\/2022\/01\/445E7097-CA54-46E2-8A95-9514711F8D08-225x300.jpeg 225w, https:\/\/dukeberghs.com\/wp-content\/uploads\/2022\/01\/445E7097-CA54-46E2-8A95-9514711F8D08-1152x1536.jpeg 1152w, https:\/\/dukeberghs.com\/wp-content\/uploads\/2022\/01\/445E7097-CA54-46E2-8A95-9514711F8D08-1536x2048.jpeg 1536w, https:\/\/dukeberghs.com\/wp-content\/uploads\/2022\/01\/445E7097-CA54-46E2-8A95-9514711F8D08-600x800.jpeg 600w, https:\/\/dukeberghs.com\/wp-content\/uploads\/2022\/01\/445E7097-CA54-46E2-8A95-9514711F8D08-scaled.jpeg 1920w\" sizes=\"auto, (max-width: 768px) 100vw, 768px\" \/><\/figure>\n\n\n\n<figure class=\"wp-block-image size-large is-style-default\"><img loading=\"lazy\" decoding=\"async\" width=\"768\" height=\"1024\" data-id=\"933\" src=\"https:\/\/dukeberghs.com\/wp-content\/uploads\/2022\/01\/FF53960E-DA99-4B6F-A94D-2298C742218B-768x1024.jpeg\" alt=\"\" class=\"wp-image-933\" srcset=\"https:\/\/dukeberghs.com\/wp-content\/uploads\/2022\/01\/FF53960E-DA99-4B6F-A94D-2298C742218B-768x1024.jpeg 768w, https:\/\/dukeberghs.com\/wp-content\/uploads\/2022\/01\/FF53960E-DA99-4B6F-A94D-2298C742218B-225x300.jpeg 225w, https:\/\/dukeberghs.com\/wp-content\/uploads\/2022\/01\/FF53960E-DA99-4B6F-A94D-2298C742218B-1152x1536.jpeg 1152w, https:\/\/dukeberghs.com\/wp-content\/uploads\/2022\/01\/FF53960E-DA99-4B6F-A94D-2298C742218B-1536x2048.jpeg 1536w, https:\/\/dukeberghs.com\/wp-content\/uploads\/2022\/01\/FF53960E-DA99-4B6F-A94D-2298C742218B-600x800.jpeg 600w, https:\/\/dukeberghs.com\/wp-content\/uploads\/2022\/01\/FF53960E-DA99-4B6F-A94D-2298C742218B-scaled.jpeg 1920w\" sizes=\"auto, (max-width: 768px) 100vw, 768px\" \/><\/figure>\n\n\n\n<figure class=\"wp-block-image size-large is-style-default\"><img loading=\"lazy\" decoding=\"async\" width=\"1024\" height=\"768\" data-id=\"1004\" src=\"https:\/\/dukeberghs.com\/wp-content\/uploads\/2022\/03\/B3173D6E-AEC8-4E09-9D20-E51E743700BA-1024x768.jpeg\" alt=\"\" class=\"wp-image-1004\" srcset=\"https:\/\/dukeberghs.com\/wp-content\/uploads\/2022\/03\/B3173D6E-AEC8-4E09-9D20-E51E743700BA-1024x768.jpeg 1024w, https:\/\/dukeberghs.com\/wp-content\/uploads\/2022\/03\/B3173D6E-AEC8-4E09-9D20-E51E743700BA-300x225.jpeg 300w, https:\/\/dukeberghs.com\/wp-content\/uploads\/2022\/03\/B3173D6E-AEC8-4E09-9D20-E51E743700BA-768x576.jpeg 768w, https:\/\/dukeberghs.com\/wp-content\/uploads\/2022\/03\/B3173D6E-AEC8-4E09-9D20-E51E743700BA-1536x1152.jpeg 1536w, https:\/\/dukeberghs.com\/wp-content\/uploads\/2022\/03\/B3173D6E-AEC8-4E09-9D20-E51E743700BA-2000x1500.jpeg 2000w, https:\/\/dukeberghs.com\/wp-content\/uploads\/2022\/03\/B3173D6E-AEC8-4E09-9D20-E51E743700BA-600x450.jpeg 600w, https:\/\/dukeberghs.com\/wp-content\/uploads\/2022\/03\/B3173D6E-AEC8-4E09-9D20-E51E743700BA.jpeg 2048w\" sizes=\"auto, (max-width: 1024px) 100vw, 1024px\" \/><\/figure>\n<\/figure>\n\n\n\n<p><br><strong>Regionale Gastronomie<\/strong><br><a href=\"https:\/\/www.restaurant-droeppelminna.de\">Dr\u00f6ppelminna<\/a> <br><a href=\"https:\/\/herzogenhof-odenthal.de\">Herzogenhof Odenthal<\/a><br><a href=\"https:\/\/hotel-restaurant-zur-post.de\">Hotel-Restaurant &#8222;Zur Post&#8220;<\/a><br><a href=\"https:\/\/www.irishpub-schildgen.de\">Irish Pub &#8222;Zur Post&#8220; Schildgen<\/a><br><a href=\"https:\/\/www.haushardt.de\">Naturfreundehaus Hardt<\/a><\/p>\n\n\n\n<p><strong>Online-Shops<\/strong><br><a href=\"https:\/\/www.beerbellycologne.de\">Beer Belly Cologne<\/a><strong><br><\/strong><br><\/p>\n\n\n\n<p><\/p>\n\n\n\n<p><\/p>\n","protected":false},"excerpt":{"rendered":"<p>Wir haben es mit unserem Dukebergh&#8217;s in einige Super- und Getr\u00e4nkem\u00e4rkte sowie in die \u00f6rtliche Gastronomie geschafft. Wenn Ihr auch Interesse daran habt, unser Bier kennenzulernen, schreibt uns gerne eine Mail an info@dukeberghs.com. Wir stellen Euch unser Bier gerne vor und erz\u00e4hlen unsere Geschichte. Homebase und LagerOtter-Getr\u00e4nke (Schildgen) Regionale Super- und Getr\u00e4nkem\u00e4rkteBergisch Gladbach Breidohr&#8217;s (Bergisch [&hellip;]<\/p>\n","protected":false},"author":1,"featured_media":378,"parent":0,"menu_order":0,"comment_status":"closed","ping_status":"closed","template":"","meta":{"footnotes":""},"class_list":["post-372","page","type-page","status-publish","has-post-thumbnail","hentry","has-thumbnail"],"_links":{"self":[{"href":"https:\/\/dukeberghs.com\/index.php?rest_route=\/wp\/v2\/pages\/372","targetHints":{"allow":["GET"]}}],"collection":[{"href":"https:\/\/dukeberghs.com\/index.php?rest_route=\/wp\/v2\/pages"}],"about":[{"href":"https:\/\/dukeberghs.com\/index.php?rest_route=\/wp\/v2\/types\/page"}],"author":[{"embeddable":true,"href":"https:\/\/dukeberghs.com\/index.php?rest_route=\/wp\/v2\/users\/1"}],"replies":[{"embeddable":true,"href":"https:\/\/dukeberghs.com\/index.php?rest_route=%2Fwp%2Fv2%2Fcomments&post=372"}],"version-history":[{"count":59,"href":"https:\/\/dukeberghs.com\/index.php?rest_route=\/wp\/v2\/pages\/372\/revisions"}],"predecessor-version":[{"id":1143,"href":"https:\/\/dukeberghs.com\/index.php?rest_route=\/wp\/v2\/pages\/372\/revisions\/1143"}],"wp:featuredmedia":[{"embeddable":true,"href":"https:\/\/dukeberghs.com\/index.php?rest_route=\/wp\/v2\/media\/378"}],"wp:attachment":[{"href":"https:\/\/dukeberghs.com\/index.php?rest_route=%2Fwp%2Fv2%2Fmedia&parent=372"}],"curies":[{"name":"wp","href":"https:\/\/api.w.org\/{rel}","templated":true}]}}