{"id":10,"date":"2018-08-05T11:08:30","date_gmt":"2018-08-05T11:08:30","guid":{"rendered":"http:\/\/schildgener.com\/?page_id=10"},"modified":"2024-03-30T08:36:15","modified_gmt":"2024-03-30T08:36:15","slug":"ueber-uns","status":"publish","type":"page","link":"https:\/\/dukeberghs.com\/","title":{"rendered":"Herzlich willkommen!"},"content":{"rendered":"\n<p>In unserer Schildgener Braugarage hat im Sommer 2018 alles angefangen. Wir haben uns dazu entschlossen, unser eigenes Craft Beer zu brauen. Unz\u00e4hlige Brauabende sp\u00e4ter war es dann im Juni 2020 so weit und wir haben stolz unsere erste Sorte dem lokalen Markt in Bergisch Gladbach und Umgebung pr\u00e4sentiert.<\/p>\n\n\n\n<blockquote class=\"wp-block-quote is-layout-flow wp-block-quote-is-layout-flow\">\n<p>Wir wollen einen aktiven Beitrag f\u00fcr eine Bierkultur leisten, in der es um Klasse statt Masse geht, Vielfalt auf der Tagesordnung steht und Kreativit\u00e4t statt Langeweile der Standard ist.<\/p>\n<cite>Leitgedanke der Gr\u00fcnder von Dukebergh&#8217;s<\/cite><\/blockquote>\n\n\n\n<p>Wir, das&nbsp;sind Bj\u00f6rn Thoms und Sebastian Kaiser, aus dem Ortsteil Schildgen in Bergisch Gladbach. Uns verbindet nicht nur eine langj\u00e4hrige Freundschaft. Uns verbindet auch eine gemeinsame Passion f\u00fcr einzigartige Biere. <\/p>\n\n\n\n<div class=\"wp-block-group is-nowrap is-layout-flex wp-container-core-group-is-layout-ad2f72ca wp-block-group-is-layout-flex\">\n<div class=\"wp-block-group is-nowrap is-layout-flex wp-container-core-group-is-layout-ad2f72ca wp-block-group-is-layout-flex\">\n<figure class=\"wp-block-gallery has-nested-images columns-default is-cropped wp-block-gallery-1 is-layout-flex wp-block-gallery-is-layout-flex\">\n<figure class=\"wp-block-image size-large is-style-default\"><img loading=\"lazy\" decoding=\"async\" width=\"1024\" height=\"683\" data-id=\"916\" src=\"https:\/\/dukeberghs.com\/wp-content\/uploads\/2022\/01\/20190629-223817-1024x683.jpg\" alt=\"\" class=\"wp-image-916\" srcset=\"https:\/\/dukeberghs.com\/wp-content\/uploads\/2022\/01\/20190629-223817-1024x683.jpg 1024w, https:\/\/dukeberghs.com\/wp-content\/uploads\/2022\/01\/20190629-223817-300x200.jpg 300w, https:\/\/dukeberghs.com\/wp-content\/uploads\/2022\/01\/20190629-223817-768x512.jpg 768w, https:\/\/dukeberghs.com\/wp-content\/uploads\/2022\/01\/20190629-223817-600x400.jpg 600w, https:\/\/dukeberghs.com\/wp-content\/uploads\/2022\/01\/20190629-223817.jpg 1500w\" sizes=\"auto, (max-width: 1024px) 100vw, 1024px\" \/><\/figure>\n\n\n\n<figure class=\"wp-block-image size-large is-style-default\"><img loading=\"lazy\" decoding=\"async\" width=\"1024\" height=\"683\" data-id=\"909\" src=\"https:\/\/dukeberghs.com\/wp-content\/uploads\/2022\/01\/C5B394C5-078D-4F69-83C9-0D5D24D3FEFE-1024x683.jpeg\" alt=\"\" class=\"wp-image-909\" srcset=\"https:\/\/dukeberghs.com\/wp-content\/uploads\/2022\/01\/C5B394C5-078D-4F69-83C9-0D5D24D3FEFE-1024x683.jpeg 1024w, https:\/\/dukeberghs.com\/wp-content\/uploads\/2022\/01\/C5B394C5-078D-4F69-83C9-0D5D24D3FEFE-300x200.jpeg 300w, https:\/\/dukeberghs.com\/wp-content\/uploads\/2022\/01\/C5B394C5-078D-4F69-83C9-0D5D24D3FEFE-768x512.jpeg 768w, https:\/\/dukeberghs.com\/wp-content\/uploads\/2022\/01\/C5B394C5-078D-4F69-83C9-0D5D24D3FEFE-1536x1024.jpeg 1536w, https:\/\/dukeberghs.com\/wp-content\/uploads\/2022\/01\/C5B394C5-078D-4F69-83C9-0D5D24D3FEFE-2048x1365.jpeg 2048w, https:\/\/dukeberghs.com\/wp-content\/uploads\/2022\/01\/C5B394C5-078D-4F69-83C9-0D5D24D3FEFE-600x400.jpeg 600w\" sizes=\"auto, (max-width: 1024px) 100vw, 1024px\" \/><\/figure>\n\n\n\n<figure class=\"wp-block-image size-large is-style-default\"><img loading=\"lazy\" decoding=\"async\" width=\"819\" height=\"1024\" data-id=\"911\" src=\"https:\/\/dukeberghs.com\/wp-content\/uploads\/2022\/01\/39542911-6070-427B-8EB1-C6DD7A3D40E9-819x1024.jpeg\" alt=\"\" class=\"wp-image-911\" srcset=\"https:\/\/dukeberghs.com\/wp-content\/uploads\/2022\/01\/39542911-6070-427B-8EB1-C6DD7A3D40E9-819x1024.jpeg 819w, https:\/\/dukeberghs.com\/wp-content\/uploads\/2022\/01\/39542911-6070-427B-8EB1-C6DD7A3D40E9-240x300.jpeg 240w, https:\/\/dukeberghs.com\/wp-content\/uploads\/2022\/01\/39542911-6070-427B-8EB1-C6DD7A3D40E9-768x960.jpeg 768w, https:\/\/dukeberghs.com\/wp-content\/uploads\/2022\/01\/39542911-6070-427B-8EB1-C6DD7A3D40E9-1229x1536.jpeg 1229w, https:\/\/dukeberghs.com\/wp-content\/uploads\/2022\/01\/39542911-6070-427B-8EB1-C6DD7A3D40E9-600x750.jpeg 600w, https:\/\/dukeberghs.com\/wp-content\/uploads\/2022\/01\/39542911-6070-427B-8EB1-C6DD7A3D40E9.jpeg 1440w\" sizes=\"auto, (max-width: 819px) 100vw, 819px\" \/><\/figure>\n\n\n\n<figure class=\"wp-block-image size-large\"><img loading=\"lazy\" decoding=\"async\" width=\"1920\" height=\"2560\" data-id=\"964\" src=\"https:\/\/dukeberghs.com\/wp-content\/uploads\/2022\/01\/A68FA7D6-0B14-471E-8A90-70A3C01D9667-scaled.jpeg\" alt=\"\" class=\"wp-image-964\" srcset=\"https:\/\/dukeberghs.com\/wp-content\/uploads\/2022\/01\/A68FA7D6-0B14-471E-8A90-70A3C01D9667-scaled.jpeg 1920w, https:\/\/dukeberghs.com\/wp-content\/uploads\/2022\/01\/A68FA7D6-0B14-471E-8A90-70A3C01D9667-225x300.jpeg 225w, https:\/\/dukeberghs.com\/wp-content\/uploads\/2022\/01\/A68FA7D6-0B14-471E-8A90-70A3C01D9667-768x1024.jpeg 768w, https:\/\/dukeberghs.com\/wp-content\/uploads\/2022\/01\/A68FA7D6-0B14-471E-8A90-70A3C01D9667-1152x1536.jpeg 1152w, https:\/\/dukeberghs.com\/wp-content\/uploads\/2022\/01\/A68FA7D6-0B14-471E-8A90-70A3C01D9667-1536x2048.jpeg 1536w, https:\/\/dukeberghs.com\/wp-content\/uploads\/2022\/01\/A68FA7D6-0B14-471E-8A90-70A3C01D9667-600x800.jpeg 600w\" sizes=\"auto, (max-width: 1920px) 100vw, 1920px\" \/><\/figure>\n\n\n\n<figure class=\"wp-block-image size-large\"><img loading=\"lazy\" decoding=\"async\" width=\"1920\" height=\"2560\" data-id=\"965\" src=\"https:\/\/dukeberghs.com\/wp-content\/uploads\/2022\/01\/AA34AEF2-C311-4274-A74A-E55A1FCABEDF-scaled.jpeg\" alt=\"\" class=\"wp-image-965\" srcset=\"https:\/\/dukeberghs.com\/wp-content\/uploads\/2022\/01\/AA34AEF2-C311-4274-A74A-E55A1FCABEDF-scaled.jpeg 1920w, https:\/\/dukeberghs.com\/wp-content\/uploads\/2022\/01\/AA34AEF2-C311-4274-A74A-E55A1FCABEDF-225x300.jpeg 225w, https:\/\/dukeberghs.com\/wp-content\/uploads\/2022\/01\/AA34AEF2-C311-4274-A74A-E55A1FCABEDF-768x1024.jpeg 768w, https:\/\/dukeberghs.com\/wp-content\/uploads\/2022\/01\/AA34AEF2-C311-4274-A74A-E55A1FCABEDF-1152x1536.jpeg 1152w, https:\/\/dukeberghs.com\/wp-content\/uploads\/2022\/01\/AA34AEF2-C311-4274-A74A-E55A1FCABEDF-1536x2048.jpeg 1536w, https:\/\/dukeberghs.com\/wp-content\/uploads\/2022\/01\/AA34AEF2-C311-4274-A74A-E55A1FCABEDF-600x800.jpeg 600w\" sizes=\"auto, (max-width: 1920px) 100vw, 1920px\" \/><\/figure>\n\n\n\n<figure class=\"wp-block-image size-large is-style-default\"><img loading=\"lazy\" decoding=\"async\" width=\"1024\" height=\"768\" data-id=\"910\" src=\"https:\/\/dukeberghs.com\/wp-content\/uploads\/2022\/01\/3D0BA94F-A796-4DA0-A2C4-913239A6E524-1024x768.jpeg\" alt=\"\" class=\"wp-image-910\" srcset=\"https:\/\/dukeberghs.com\/wp-content\/uploads\/2022\/01\/3D0BA94F-A796-4DA0-A2C4-913239A6E524-1024x768.jpeg 1024w, https:\/\/dukeberghs.com\/wp-content\/uploads\/2022\/01\/3D0BA94F-A796-4DA0-A2C4-913239A6E524-300x225.jpeg 300w, https:\/\/dukeberghs.com\/wp-content\/uploads\/2022\/01\/3D0BA94F-A796-4DA0-A2C4-913239A6E524-768x576.jpeg 768w, https:\/\/dukeberghs.com\/wp-content\/uploads\/2022\/01\/3D0BA94F-A796-4DA0-A2C4-913239A6E524-1536x1152.jpeg 1536w, https:\/\/dukeberghs.com\/wp-content\/uploads\/2022\/01\/3D0BA94F-A796-4DA0-A2C4-913239A6E524-600x450.jpeg 600w, https:\/\/dukeberghs.com\/wp-content\/uploads\/2022\/01\/3D0BA94F-A796-4DA0-A2C4-913239A6E524.jpeg 1600w\" sizes=\"auto, (max-width: 1024px) 100vw, 1024px\" \/><\/figure>\n\n\n\n<figure class=\"wp-block-image size-large is-style-default\"><img loading=\"lazy\" decoding=\"async\" width=\"768\" height=\"1024\" data-id=\"914\" src=\"https:\/\/dukeberghs.com\/wp-content\/uploads\/2022\/01\/D331B53E-F2AA-4CE4-9745-D43527EC70AB-768x1024.jpeg\" alt=\"\" class=\"wp-image-914\" srcset=\"https:\/\/dukeberghs.com\/wp-content\/uploads\/2022\/01\/D331B53E-F2AA-4CE4-9745-D43527EC70AB-768x1024.jpeg 768w, https:\/\/dukeberghs.com\/wp-content\/uploads\/2022\/01\/D331B53E-F2AA-4CE4-9745-D43527EC70AB-225x300.jpeg 225w, https:\/\/dukeberghs.com\/wp-content\/uploads\/2022\/01\/D331B53E-F2AA-4CE4-9745-D43527EC70AB-1152x1536.jpeg 1152w, https:\/\/dukeberghs.com\/wp-content\/uploads\/2022\/01\/D331B53E-F2AA-4CE4-9745-D43527EC70AB-1536x2048.jpeg 1536w, https:\/\/dukeberghs.com\/wp-content\/uploads\/2022\/01\/D331B53E-F2AA-4CE4-9745-D43527EC70AB-600x800.jpeg 600w, https:\/\/dukeberghs.com\/wp-content\/uploads\/2022\/01\/D331B53E-F2AA-4CE4-9745-D43527EC70AB-scaled.jpeg 1920w\" sizes=\"auto, (max-width: 768px) 100vw, 768px\" \/><\/figure>\n\n\n\n<figure class=\"wp-block-image size-large is-style-default\"><img loading=\"lazy\" decoding=\"async\" width=\"1024\" height=\"768\" data-id=\"912\" src=\"https:\/\/dukeberghs.com\/wp-content\/uploads\/2022\/01\/4388EFD5-6ACE-4F03-BBB9-4D375EE15FE1-1024x768.jpeg\" alt=\"\" class=\"wp-image-912\" srcset=\"https:\/\/dukeberghs.com\/wp-content\/uploads\/2022\/01\/4388EFD5-6ACE-4F03-BBB9-4D375EE15FE1-1024x768.jpeg 1024w, https:\/\/dukeberghs.com\/wp-content\/uploads\/2022\/01\/4388EFD5-6ACE-4F03-BBB9-4D375EE15FE1-300x225.jpeg 300w, https:\/\/dukeberghs.com\/wp-content\/uploads\/2022\/01\/4388EFD5-6ACE-4F03-BBB9-4D375EE15FE1-768x576.jpeg 768w, https:\/\/dukeberghs.com\/wp-content\/uploads\/2022\/01\/4388EFD5-6ACE-4F03-BBB9-4D375EE15FE1-1536x1152.jpeg 1536w, https:\/\/dukeberghs.com\/wp-content\/uploads\/2022\/01\/4388EFD5-6ACE-4F03-BBB9-4D375EE15FE1-600x450.jpeg 600w, https:\/\/dukeberghs.com\/wp-content\/uploads\/2022\/01\/4388EFD5-6ACE-4F03-BBB9-4D375EE15FE1.jpeg 1600w\" sizes=\"auto, (max-width: 1024px) 100vw, 1024px\" \/><\/figure>\n<\/figure>\n<\/div>\n<\/div>\n\n\n\n<p><strong>Unsere Werte<\/strong><\/p>\n\n\n\n<p><strong>Wir sind nat\u00fcrlich<\/strong><br>F\u00fcr die handwerkliche Herstellung unserer Biere setzen wir ausschlie\u00dflich auf hochwertige nat\u00fcrliche Zutaten. Wir verzichten g\u00e4nzlich auf unnat\u00fcrliche Zusatzstoffe. Wir filtern nicht und setzen auch keine Kunststoffe ein, die f\u00fcr eine l\u00e4ngere Klarheit des Bieres sorgen. Auch verwenden wir keine Extrakte, keine Farbstoffe und wir pasteurisieren nicht. So bleibt unser Bier das, was es unserer Meinung nach immer sein sollte: ein nat\u00fcrliches Erzeugnis. Und das schmeckt man auch.\u00a0<\/p>\n\n\n\n<p><strong>Wir sind vielf\u00e4ltig<\/strong><br>F\u00fcr den K\u00f6lner eine Selbstverst\u00e4ndlichkeit \u2013 jede Jeck is anders. Das gilt auch f\u00fcr unsere Biere. Es gibt zahlreiche Bierstile, die hierzulande weniger bekannt oder etwas in Vergessenheit geraten sind. Mit unseren Kreationen wollen wir zeigen, wie abwechslungsreich Biergenuss sein kann. Deshalb brauen wir Biere mit Charakter, die geschmacklich \u00fcberzeugen und sich deutlich vom Industriebier abheben.<\/p>\n\n\n\n<p><strong>Wir sind sozial<\/strong><br>Wer nimmt, der muss auch geben. Ein Grundprinzip im Miteinander, das wir f\u00fcr richtig halten und in unserer DNA fest verankert ist. Daher f\u00f6rdern wir Sozialprojekte in Bergisch Gladbach und Umgebung mit 10 Prozent unseres Netto-Gewinns. Wir sind Partner des Odenthaler Vereins &#8222;<a href=\"https:\/\/www.mutige-kinder.org\">Mutige Kinder<\/a>&#8222;, der sich unter der Schirmherrschaft von Reiner Calmund und Jana Ina Zarrella um sozial benachteiligte Kinder k\u00fcmmert.&nbsp;<\/p>\n\n\n\n<p><\/p>\n","protected":false},"excerpt":{"rendered":"<p>In unserer Schildgener Braugarage hat im Sommer 2018 alles angefangen. Wir haben uns dazu entschlossen, unser eigenes Craft Beer zu brauen. Unz\u00e4hlige Brauabende sp\u00e4ter war es dann im Juni 2020 so weit und wir haben stolz unsere erste Sorte dem lokalen Markt in Bergisch Gladbach und Umgebung pr\u00e4sentiert. Wir wollen einen aktiven Beitrag f\u00fcr eine [&hellip;]<\/p>\n","protected":false},"author":1,"featured_media":896,"parent":0,"menu_order":0,"comment_status":"closed","ping_status":"closed","template":"","meta":{"footnotes":""},"class_list":["post-10","page","type-page","status-publish","has-post-thumbnail","hentry","has-thumbnail"],"_links":{"self":[{"href":"https:\/\/dukeberghs.com\/index.php?rest_route=\/wp\/v2\/pages\/10","targetHints":{"allow":["GET"]}}],"collection":[{"href":"https:\/\/dukeberghs.com\/index.php?rest_route=\/wp\/v2\/pages"}],"about":[{"href":"https:\/\/dukeberghs.com\/index.php?rest_route=\/wp\/v2\/types\/page"}],"author":[{"embeddable":true,"href":"https:\/\/dukeberghs.com\/index.php?rest_route=\/wp\/v2\/users\/1"}],"replies":[{"embeddable":true,"href":"https:\/\/dukeberghs.com\/index.php?rest_route=%2Fwp%2Fv2%2Fcomments&post=10"}],"version-history":[{"count":95,"href":"https:\/\/dukeberghs.com\/index.php?rest_route=\/wp\/v2\/pages\/10\/revisions"}],"predecessor-version":[{"id":1141,"href":"https:\/\/dukeberghs.com\/index.php?rest_route=\/wp\/v2\/pages\/10\/revisions\/1141"}],"wp:featuredmedia":[{"embeddable":true,"href":"https:\/\/dukeberghs.com\/index.php?rest_route=\/wp\/v2\/media\/896"}],"wp:attachment":[{"href":"https:\/\/dukeberghs.com\/index.php?rest_route=%2Fwp%2Fv2%2Fmedia&parent=10"}],"curies":[{"name":"wp","href":"https:\/\/api.w.org\/{rel}","templated":true}]}}